{"id":325,"date":"2024-12-11T11:21:38","date_gmt":"2024-12-11T11:21:38","guid":{"rendered":"https:\/\/www.sesimbranaturapark.pt\/?page_id=325"},"modified":"2025-05-10T05:50:59","modified_gmt":"2025-05-10T05:50:59","slug":"licencas-obrigatorias","status":"publish","type":"page","link":"https:\/\/www.sesimbranaturapark.pt\/?page_id=325","title":{"rendered":"Licen\u00e7as Obrigat\u00f3rias"},"content":{"rendered":"\t\t<div data-elementor-type=\"wp-page\" data-elementor-id=\"325\" class=\"elementor elementor-325\" data-elementor-post-type=\"page\">\n\t\t\t\t\t\t<section class=\"elementor-section elementor-top-section elementor-element elementor-element-b303c4d elementor-section-boxed elementor-section-height-default elementor-section-height-default\" data-id=\"b303c4d\" data-element_type=\"section\" data-e-type=\"section\">\n\t\t\t\t\t\t<div class=\"elementor-container elementor-column-gap-default\">\n\t\t\t\t\t<div class=\"elementor-column elementor-col-100 elementor-top-column elementor-element elementor-element-041d71d\" data-id=\"041d71d\" data-element_type=\"column\" data-e-type=\"column\">\n\t\t\t<div class=\"elementor-widget-wrap elementor-element-populated\">\n\t\t\t\t\t\t<div class=\"elementor-element elementor-element-69ec5fb elementor-widget elementor-widget-spacer\" data-id=\"69ec5fb\" data-element_type=\"widget\" data-e-type=\"widget\" data-widget_type=\"spacer.default\">\n\t\t\t\t\t\t\t<div class=\"elementor-spacer\">\n\t\t\t<div class=\"elementor-spacer-inner\"><\/div>\n\t\t<\/div>\n\t\t\t\t\t\t<\/div>\n\t\t\t\t<div class=\"elementor-element elementor-element-2e36888 elementor-widget elementor-widget-heading\" data-id=\"2e36888\" data-element_type=\"widget\" data-e-type=\"widget\" data-widget_type=\"heading.default\">\n\t\t\t\t\t<h2 class=\"elementor-heading-title elementor-size-default\">Como se processa o Licenciamento de um evento no SNP<\/h2>\t\t\t\t<\/div>\n\t\t\t\t<div class=\"elementor-element elementor-element-a98af3d elementor-widget elementor-widget-spacer\" data-id=\"a98af3d\" data-element_type=\"widget\" data-e-type=\"widget\" data-widget_type=\"spacer.default\">\n\t\t\t\t\t\t\t<div class=\"elementor-spacer\">\n\t\t\t<div class=\"elementor-spacer-inner\"><\/div>\n\t\t<\/div>\n\t\t\t\t\t\t<\/div>\n\t\t\t\t<div class=\"elementor-element elementor-element-811e1a0 elementor-widget elementor-widget-heading\" data-id=\"811e1a0\" data-element_type=\"widget\" data-e-type=\"widget\" data-widget_type=\"heading.default\">\n\t\t\t\t\t<h4 class=\"elementor-heading-title elementor-size-default\">Lista de procedimentos<\/h4>\t\t\t\t<\/div>\n\t\t\t\t<div class=\"elementor-element elementor-element-ff1835a elementor-widget elementor-widget-text-editor\" data-id=\"ff1835a\" data-element_type=\"widget\" data-e-type=\"widget\" data-widget_type=\"text-editor.default\">\n\t\t\t\t\t\t\t\t\t<p>1- Definir\u00a0a localiza\u00e7\u00e3o definitiva das v\u00e1rias\u00a0estruturas (palcos, bares, restaura\u00e7\u00e3o, etc.)<\/p><p>2- Passar para Autocad e enviar para a empresa respons\u00e1vel pelo plano de seguran\u00e7a.\u00a0<\/p><p>3- Em chegando o plano de seguran\u00e7a \u00e9 altura de pedir propostas para os seguros ( Acidentes Pessoais, e Responsabilidade Civil)<\/p><p>4- Execu\u00e7\u00e3o da mem\u00f3ria descritiva\u00a0 (ver estrutura no link abaixo)<\/p><p>5- Entrega do pedido de licenciamento junto da CMS\u00a0<\/p><p>\u00a0 \u00a0 \u00a0(NOTA: elementos obrigat\u00f3rios:<\/p><p>\u00a0 \u00a0 \u00a0 \u00a0 \u00a0 \u00a0 \u00a0 \u00a0 \u00a0 \u00a0 \u00a01- Plano de Seguran\u00e7a<\/p><p>\u00a0 \u00a0 \u00a0 \u00a0 \u00a0 \u00a0 \u00a0 \u00a0 \u00a0 \u00a0 \u00a0 2- Seguros R. Civil e Acidentes Pessoais<\/p><p>\u00a0 \u00a0 \u00a0 \u00a0 \u00a0 \u00a0 \u00a0 \u00a0 \u00a0 \u00a0 \u00a03- Mem\u00f3ria descritiva<\/p><p>\u00a0 \u00a0 \u00a0 \u00a0 \u00a0 \u00a0 \u00a0 \u00a0 \u00a0 \u00a0 \u00a04- (Facultativo, conforme o tipo de evento) &#8211; Licen\u00e7a Especial de Ruido, Licen\u00e7a de Recinto Improvisado e Licen\u00e7a de Acampamento Ocasional.<\/p><p><span style=\"color: var( --e-global-color-text ); font-family: var( --e-global-typography-text-font-family ), Sans-serif; font-weight: var( --e-global-typography-text-font-weight ); font-size: 1rem;\">5- Pedir licen\u00e7a da Sociedade Portuguesa de Autores e Passm\u00fasica (conforme o caso)<\/span><\/p><p>6- Na v\u00e9spera do in\u00edcio do evento ser\u00e1 feita uma vistoria no espa\u00e7o pelas autoridades competentes (GNR, Prote\u00e7\u00e3o Civil, CMS, Delegado de Sa\u00fade). Essa vistoria dever\u00e1 ser acompanhada por um dos gerentes do SNP e por um membro respons\u00e1vel da equipe do cliente.<\/p>\t\t\t\t\t\t\t\t<\/div>\n\t\t\t\t<div class=\"elementor-element elementor-element-e2a41b3 elementor-widget elementor-widget-spacer\" data-id=\"e2a41b3\" data-element_type=\"widget\" data-e-type=\"widget\" data-widget_type=\"spacer.default\">\n\t\t\t\t\t\t\t<div class=\"elementor-spacer\">\n\t\t\t<div class=\"elementor-spacer-inner\"><\/div>\n\t\t<\/div>\n\t\t\t\t\t\t<\/div>\n\t\t\t\t<div class=\"elementor-element elementor-element-1da5bb3 elementor-widget elementor-widget-heading\" data-id=\"1da5bb3\" data-element_type=\"widget\" data-e-type=\"widget\" data-widget_type=\"heading.default\">\n\t\t\t\t\t<h2 class=\"elementor-heading-title elementor-size-default\">Documenta\u00e7\u00e3o \u00fatil<\/h2>\t\t\t\t<\/div>\n\t\t\t\t\t<\/div>\n\t\t<\/div>\n\t\t\t\t\t<\/div>\n\t\t<\/section>\n\t\t\t\t<section class=\"elementor-section elementor-top-section elementor-element elementor-element-7e272f9 elementor-section-boxed elementor-section-height-default elementor-section-height-default\" data-id=\"7e272f9\" data-element_type=\"section\" data-e-type=\"section\">\n\t\t\t\t\t\t<div class=\"elementor-container elementor-column-gap-default\">\n\t\t\t\t\t<div class=\"elementor-column elementor-col-25 elementor-top-column elementor-element elementor-element-9d71c76\" data-id=\"9d71c76\" data-element_type=\"column\" data-e-type=\"column\">\n\t\t\t<div class=\"elementor-widget-wrap elementor-element-populated\">\n\t\t\t\t\t\t<div class=\"elementor-element elementor-element-52362f6 elementor-widget elementor-widget-heading\" data-id=\"52362f6\" data-element_type=\"widget\" data-e-type=\"widget\" data-widget_type=\"heading.default\">\n\t\t\t\t\t<h5 class=\"elementor-heading-title elementor-size-default\">Minuta licen\u00e7a especial de ruido<\/h5>\t\t\t\t<\/div>\n\t\t\t\t<div class=\"elementor-element elementor-element-38fe93e elementor-align-center elementor-widget elementor-widget-button\" data-id=\"38fe93e\" data-element_type=\"widget\" data-e-type=\"widget\" data-widget_type=\"button.default\">\n\t\t\t\t\t\t\t\t\t\t<a class=\"elementor-button elementor-button-link elementor-size-sm\" href=\"https:\/\/www.sesimbranaturapark.pt\/wp-content\/uploads\/2025\/01\/Licenca-Especial-de-Ruido-1.docx\">\n\t\t\t\t\t\t<span class=\"elementor-button-content-wrapper\">\n\t\t\t\t\t\t\t\t\t<span class=\"elementor-button-text\">Clique aqui<\/span>\n\t\t\t\t\t<\/span>\n\t\t\t\t\t<\/a>\n\t\t\t\t\t\t\t\t<\/div>\n\t\t\t\t\t<\/div>\n\t\t<\/div>\n\t\t\t\t<div class=\"elementor-column elementor-col-25 elementor-top-column elementor-element elementor-element-7b08482\" data-id=\"7b08482\" data-element_type=\"column\" data-e-type=\"column\">\n\t\t\t<div class=\"elementor-widget-wrap elementor-element-populated\">\n\t\t\t\t\t\t<div class=\"elementor-element elementor-element-33b524e elementor-widget elementor-widget-heading\" data-id=\"33b524e\" data-element_type=\"widget\" data-e-type=\"widget\" data-widget_type=\"heading.default\">\n\t\t\t\t\t<h5 class=\"elementor-heading-title elementor-size-default\">Minuta licen\u00e7a de recinto inprovisado<\/h5>\t\t\t\t<\/div>\n\t\t\t\t<div class=\"elementor-element elementor-element-e134175 elementor-align-center elementor-widget elementor-widget-button\" data-id=\"e134175\" data-element_type=\"widget\" data-e-type=\"widget\" data-widget_type=\"button.default\">\n\t\t\t\t\t\t\t\t\t\t<a class=\"elementor-button elementor-button-link elementor-size-sm\" href=\"https:\/\/www.sesimbranaturapark.pt\/wp-content\/uploads\/2025\/01\/Licenca-de-Recinto-Improvisado-1.docx\">\n\t\t\t\t\t\t<span class=\"elementor-button-content-wrapper\">\n\t\t\t\t\t\t\t\t\t<span class=\"elementor-button-text\">Clique aqui<\/span>\n\t\t\t\t\t<\/span>\n\t\t\t\t\t<\/a>\n\t\t\t\t\t\t\t\t<\/div>\n\t\t\t\t\t<\/div>\n\t\t<\/div>\n\t\t\t\t<div class=\"elementor-column elementor-col-25 elementor-top-column elementor-element elementor-element-296debf\" data-id=\"296debf\" data-element_type=\"column\" data-e-type=\"column\">\n\t\t\t<div class=\"elementor-widget-wrap elementor-element-populated\">\n\t\t\t\t\t\t<div class=\"elementor-element elementor-element-e516112 elementor-widget elementor-widget-heading\" data-id=\"e516112\" data-element_type=\"widget\" data-e-type=\"widget\" data-widget_type=\"heading.default\">\n\t\t\t\t\t<h5 class=\"elementor-heading-title elementor-size-default\">Minuta de licen\u00e7a de acampamento ocasional<\/h5>\t\t\t\t<\/div>\n\t\t\t\t<div class=\"elementor-element elementor-element-b504223 elementor-align-center elementor-widget elementor-widget-button\" data-id=\"b504223\" data-element_type=\"widget\" data-e-type=\"widget\" data-widget_type=\"button.default\">\n\t\t\t\t\t\t\t\t\t\t<a class=\"elementor-button elementor-button-link elementor-size-sm\" href=\"https:\/\/www.sesimbranaturapark.pt\/wp-content\/uploads\/2025\/01\/Acampamento-Ocasional-1.docx\">\n\t\t\t\t\t\t<span class=\"elementor-button-content-wrapper\">\n\t\t\t\t\t\t\t\t\t<span class=\"elementor-button-text\">Clique aqui<\/span>\n\t\t\t\t\t<\/span>\n\t\t\t\t\t<\/a>\n\t\t\t\t\t\t\t\t<\/div>\n\t\t\t\t\t<\/div>\n\t\t<\/div>\n\t\t\t\t<div class=\"elementor-column elementor-col-25 elementor-top-column elementor-element elementor-element-e2a1796\" data-id=\"e2a1796\" data-element_type=\"column\" data-e-type=\"column\">\n\t\t\t<div class=\"elementor-widget-wrap elementor-element-populated\">\n\t\t\t\t\t\t<div class=\"elementor-element elementor-element-9582b78 elementor-widget elementor-widget-heading\" data-id=\"9582b78\" data-element_type=\"widget\" data-e-type=\"widget\" data-widget_type=\"heading.default\">\n\t\t\t\t\t<h5 class=\"elementor-heading-title elementor-size-default\">Contrato tipo com empresas promotoras<\/h5>\t\t\t\t<\/div>\n\t\t\t\t<div class=\"elementor-element elementor-element-a13953a elementor-align-center elementor-widget elementor-widget-button\" data-id=\"a13953a\" data-element_type=\"widget\" data-e-type=\"widget\" data-widget_type=\"button.default\">\n\t\t\t\t\t\t\t\t\t\t<a class=\"elementor-button elementor-button-link elementor-size-sm\" href=\"https:\/\/www.sesimbranaturapark.pt\/wp-content\/uploads\/2025\/01\/Contrato_tipo_eventos_-v_20_1_2025.docx\">\n\t\t\t\t\t\t<span class=\"elementor-button-content-wrapper\">\n\t\t\t\t\t\t\t\t\t<span class=\"elementor-button-text\">Clique aqui<\/span>\n\t\t\t\t\t<\/span>\n\t\t\t\t\t<\/a>\n\t\t\t\t\t\t\t\t<\/div>\n\t\t\t\t\t<\/div>\n\t\t<\/div>\n\t\t\t\t\t<\/div>\n\t\t<\/section>\n\t\t\t\t<section class=\"elementor-section elementor-top-section elementor-element elementor-element-2c92f9e elementor-section-boxed elementor-section-height-default elementor-section-height-default\" data-id=\"2c92f9e\" data-element_type=\"section\" data-e-type=\"section\">\n\t\t\t\t\t\t<div class=\"elementor-container elementor-column-gap-default\">\n\t\t\t\t\t<div class=\"elementor-column elementor-col-50 elementor-top-column elementor-element elementor-element-f9897d5\" data-id=\"f9897d5\" data-element_type=\"column\" data-e-type=\"column\">\n\t\t\t<div class=\"elementor-widget-wrap elementor-element-populated\">\n\t\t\t\t\t\t<div class=\"elementor-element elementor-element-4525692 elementor-widget elementor-widget-heading\" data-id=\"4525692\" data-element_type=\"widget\" data-e-type=\"widget\" data-widget_type=\"heading.default\">\n\t\t\t\t\t<h5 class=\"elementor-heading-title elementor-size-default\">Plano de seguran\u00e7a tipo<\/h5>\t\t\t\t<\/div>\n\t\t\t\t<div class=\"elementor-element elementor-element-3093231 elementor-align-center elementor-widget elementor-widget-button\" data-id=\"3093231\" data-element_type=\"widget\" data-e-type=\"widget\" data-widget_type=\"button.default\">\n\t\t\t\t\t\t\t\t\t\t<a class=\"elementor-button elementor-button-link elementor-size-sm\" href=\"https:\/\/www.sesimbranaturapark.pt\/wp-content\/uploads\/2025\/01\/Plano-de-Seguranca_exemplo.pdf\" target=\"_blank\">\n\t\t\t\t\t\t<span class=\"elementor-button-content-wrapper\">\n\t\t\t\t\t\t\t\t\t<span class=\"elementor-button-text\">Clique aqui<\/span>\n\t\t\t\t\t<\/span>\n\t\t\t\t\t<\/a>\n\t\t\t\t\t\t\t\t<\/div>\n\t\t\t\t\t<\/div>\n\t\t<\/div>\n\t\t\t\t<div class=\"elementor-column elementor-col-50 elementor-top-column elementor-element elementor-element-d284c14\" data-id=\"d284c14\" data-element_type=\"column\" data-e-type=\"column\">\n\t\t\t<div class=\"elementor-widget-wrap elementor-element-populated\">\n\t\t\t\t\t\t<div class=\"elementor-element elementor-element-2f01099 elementor-widget elementor-widget-heading\" data-id=\"2f01099\" data-element_type=\"widget\" data-e-type=\"widget\" data-widget_type=\"heading.default\">\n\t\t\t\t\t<h5 class=\"elementor-heading-title elementor-size-default\"><a href=\"http:\/\/sesimbranaturapark.ptwp-content\/uploads\/2025\/01\/Memoria_Descritiva_Eventos.docx\">Estrutura tipo de uma Mem\u00f3ria Descritiva\n<\/a><\/h5>\t\t\t\t<\/div>\n\t\t\t\t<div class=\"elementor-element elementor-element-69ffbb2 elementor-align-center elementor-widget elementor-widget-button\" data-id=\"69ffbb2\" data-element_type=\"widget\" data-e-type=\"widget\" data-widget_type=\"button.default\">\n\t\t\t\t\t\t\t\t\t\t<a class=\"elementor-button elementor-button-link elementor-size-sm\" href=\"https:\/\/www.sesimbranaturapark.pt\/wp-content\/uploads\/2025\/01\/Memoria_Descritiva_Eventos.docx\">\n\t\t\t\t\t\t<span class=\"elementor-button-content-wrapper\">\n\t\t\t\t\t\t\t\t\t<span class=\"elementor-button-text\">Clique aqui<\/span>\n\t\t\t\t\t<\/span>\n\t\t\t\t\t<\/a>\n\t\t\t\t\t\t\t\t<\/div>\n\t\t\t\t\t<\/div>\n\t\t<\/div>\n\t\t\t\t\t<\/div>\n\t\t<\/section>\n\t\t\t\t<\/div>\n\t\t","protected":false},"excerpt":{"rendered":"<p>Como se processa o Licenciamento de um evento no SNP Lista de procedimentos 1- Definir\u00a0a localiza\u00e7\u00e3o definitiva das v\u00e1rias\u00a0estruturas (palcos, bares, restaura\u00e7\u00e3o, etc.) 2- Passar para Autocad e enviar para a empresa respons\u00e1vel pelo plano de seguran\u00e7a.\u00a0 3- Em chegando o plano de seguran\u00e7a \u00e9 altura de pedir propostas para os seguros ( Acidentes Pessoais, [&hellip;]<\/p>\n","protected":false},"author":1,"featured_media":0,"parent":0,"menu_order":0,"comment_status":"closed","ping_status":"closed","template":"","meta":{"footnotes":""},"class_list":["post-325","page","type-page","status-publish","hentry"],"_links":{"self":[{"href":"https:\/\/www.sesimbranaturapark.pt\/index.php?rest_route=\/wp\/v2\/pages\/325","targetHints":{"allow":["GET"]}}],"collection":[{"href":"https:\/\/www.sesimbranaturapark.pt\/index.php?rest_route=\/wp\/v2\/pages"}],"about":[{"href":"https:\/\/www.sesimbranaturapark.pt\/index.php?rest_route=\/wp\/v2\/types\/page"}],"author":[{"embeddable":true,"href":"https:\/\/www.sesimbranaturapark.pt\/index.php?rest_route=\/wp\/v2\/users\/1"}],"replies":[{"embeddable":true,"href":"https:\/\/www.sesimbranaturapark.pt\/index.php?rest_route=%2Fwp%2Fv2%2Fcomments&post=325"}],"version-history":[{"count":12,"href":"https:\/\/www.sesimbranaturapark.pt\/index.php?rest_route=\/wp\/v2\/pages\/325\/revisions"}],"predecessor-version":[{"id":5684,"href":"https:\/\/www.sesimbranaturapark.pt\/index.php?rest_route=\/wp\/v2\/pages\/325\/revisions\/5684"}],"wp:attachment":[{"href":"https:\/\/www.sesimbranaturapark.pt\/index.php?rest_route=%2Fwp%2Fv2%2Fmedia&parent=325"}],"curies":[{"name":"wp","href":"https:\/\/api.w.org\/{rel}","templated":true}]}}